{"id":2348,"date":"2024-08-07T09:02:43","date_gmt":"2024-08-07T09:02:43","guid":{"rendered":"https:\/\/hotel-capris.click.si\/?page_id=2348"},"modified":"2024-08-07T09:07:46","modified_gmt":"2024-08-07T09:07:46","slug":"co-financing","status":"publish","type":"page","link":"https:\/\/hotel-capris.click.si\/sl\/co-financing\/","title":{"rendered":"Sofinanciranje"},"content":{"rendered":"<div data-elementor-type=\"wp-page\" data-elementor-id=\"2348\" class=\"elementor elementor-2348\" data-elementor-post-type=\"page\">\n\t\t\t\t<div class=\"elementor-element elementor-element-029d8cb e-flex e-con-boxed e-con e-parent\" data-id=\"029d8cb\" data-element_type=\"container\">\n\t\t\t\t\t<div class=\"e-con-inner\">\n\t\t\t\t<div class=\"elementor-element elementor-element-4459ca0 elementor-widget elementor-widget-spacer\" data-id=\"4459ca0\" data-element_type=\"widget\" data-widget_type=\"spacer.default\">\n\t\t\t\t<div class=\"elementor-widget-container\">\n\t\t\t<style>\/*! elementor - v3.23.0 - 25-07-2024 *\/\n.elementor-column .elementor-spacer-inner{height:var(--spacer-size)}.e-con{--container-widget-width:100%}.e-con-inner>.elementor-widget-spacer,.e-con>.elementor-widget-spacer{width:var(--container-widget-width,var(--spacer-size));--align-self:var(--container-widget-align-self,initial);--flex-shrink:0}.e-con-inner>.elementor-widget-spacer>.elementor-widget-container,.e-con>.elementor-widget-spacer>.elementor-widget-container{height:100%;width:100%}.e-con-inner>.elementor-widget-spacer>.elementor-widget-container>.elementor-spacer,.e-con>.elementor-widget-spacer>.elementor-widget-container>.elementor-spacer{height:100%}.e-con-inner>.elementor-widget-spacer>.elementor-widget-container>.elementor-spacer>.elementor-spacer-inner,.e-con>.elementor-widget-spacer>.elementor-widget-container>.elementor-spacer>.elementor-spacer-inner{height:var(--container-widget-height,var(--spacer-size))}.e-con-inner>.elementor-widget-spacer.elementor-widget-empty,.e-con>.elementor-widget-spacer.elementor-widget-empty{position:relative;min-height:22px;min-width:22px}.e-con-inner>.elementor-widget-spacer.elementor-widget-empty .elementor-widget-empty-icon,.e-con>.elementor-widget-spacer.elementor-widget-empty .elementor-widget-empty-icon{position:absolute;top:0;bottom:0;left:0;right:0;margin:auto;padding:0;width:22px;height:22px}<\/style>\t\t<div class=\"elementor-spacer\">\n\t\t\t<div class=\"elementor-spacer-inner\"><\/div>\n\t\t<\/div>\n\t\t\t\t<\/div>\n\t\t\t\t<\/div>\n\t\t\t\t<div class=\"elementor-element elementor-element-dd67f19 elementor-widget elementor-widget-image\" data-id=\"dd67f19\" data-element_type=\"widget\" data-widget_type=\"image.default\">\n\t\t\t\t<div class=\"elementor-widget-container\">\n\t\t\t<style>\/*! elementor - v3.23.0 - 25-07-2024 *\/\n.elementor-widget-image{text-align:center}.elementor-widget-image a{display:inline-block}.elementor-widget-image a img[src$=\".svg\"]{width:48px}.elementor-widget-image img{vertical-align:middle;display:inline-block}<\/style>\t\t\t\t\t\t\t\t\t\t<img fetchpriority=\"high\" decoding=\"async\" width=\"606\" height=\"140\" src=\"https:\/\/hotel-capris.click.si\/wp-content\/uploads\/2024\/08\/ministrstvo.png\" class=\"attachment-large size-large wp-image-2338\" alt=\"\" srcset=\"https:\/\/hotel-capris.click.si\/wp-content\/uploads\/2024\/08\/ministrstvo.png 447w, https:\/\/hotel-capris.click.si\/wp-content\/uploads\/2024\/08\/ministrstvo-300x76.png 300w, https:\/\/hotel-capris.click.si\/wp-content\/uploads\/2024\/08\/ministrstvo-18x5.png 18w\" sizes=\"(max-width: 606px) 100vw, 606px\" \/>\t\t\t\t\t\t\t\t\t\t\t\t\t<\/div>\n\t\t\t\t<\/div>\n\t\t\t\t<div class=\"elementor-element elementor-element-9fbe14a elementor-widget elementor-widget-text-editor\" data-id=\"9fbe14a\" data-element_type=\"widget\" data-widget_type=\"text-editor.default\">\n\t\t\t\t<div class=\"elementor-widget-container\">\n\t\t\t<style>\/*! elementor - v3.23.0 - 25-07-2024 *\/\n.elementor-widget-text-editor.elementor-drop-cap-view-stacked .elementor-drop-cap{background-color:#69727d;color:#fff}.elementor-widget-text-editor.elementor-drop-cap-view-framed .elementor-drop-cap{color:#69727d;border:3px solid;background-color:transparent}.elementor-widget-text-editor:not(.elementor-drop-cap-view-default) .elementor-drop-cap{margin-top:8px}.elementor-widget-text-editor:not(.elementor-drop-cap-view-default) .elementor-drop-cap-letter{width:1em;height:1em}.elementor-widget-text-editor .elementor-drop-cap{float:left;text-align:center;line-height:1;font-size:50px}.elementor-widget-text-editor .elementor-drop-cap-letter{display:inline-block}<\/style>\t\t\t\t<h4>OPERACIJO DELNO FINANCIRA EVROPSKA UNIJA IN SICER IZ EVROPSKEGA SKLADA ZA REGIONALNI RAZVOJ.<\/h4><p>Operacija se izvaja v okviru \u00bbOperativnega programa za izvajanje Evropske kohezijske politike v obdobju 2014-2020\u00ab, prednostne osi 15 \u00bbSpodbujanje odprave posledic krize v okviru REACT-EU-ESRR\u00ab, Prednostna nalo\u017eba 15.1 \u00bbSpodbujanje odprave posledic krize v okviru pandemije COVID-19 in priprava zelenega, digitalnega in odpornega okrevanja gospodarstva\u00ab.<\/p>\t\t\t\t\t\t<\/div>\n\t\t\t\t<\/div>\n\t\t\t\t<div class=\"elementor-element elementor-element-5f30c5b elementor-widget elementor-widget-spacer\" data-id=\"5f30c5b\" data-element_type=\"widget\" data-widget_type=\"spacer.default\">\n\t\t\t\t<div class=\"elementor-widget-container\">\n\t\t\t\t\t<div class=\"elementor-spacer\">\n\t\t\t<div class=\"elementor-spacer-inner\"><\/div>\n\t\t<\/div>\n\t\t\t\t<\/div>\n\t\t\t\t<\/div>\n\t\t\t\t<div class=\"elementor-element elementor-element-82a37a6 elementor-widget elementor-widget-image\" data-id=\"82a37a6\" data-element_type=\"widget\" data-widget_type=\"image.default\">\n\t\t\t\t<div class=\"elementor-widget-container\">\n\t\t\t\t\t\t\t\t\t\t\t\t\t<img decoding=\"async\" width=\"253\" height=\"104\" src=\"https:\/\/hotel-capris.click.si\/wp-content\/uploads\/2024\/08\/Logo_EKP_sklad_za_regionalni_razvoj_SLO_slogan.jpg\" class=\"attachment-large size-large wp-image-283\" alt=\"\" srcset=\"\" sizes=\"(max-width: 253px) 100vw, 253px\" data-srcset=\"\" \/>\t\t\t\t\t\t\t\t\t\t\t\t\t<\/div>\n\t\t\t\t<\/div>\n\t\t\t\t<div class=\"elementor-element elementor-element-1e55588 elementor-widget elementor-widget-text-editor\" data-id=\"1e55588\" data-element_type=\"widget\" data-widget_type=\"text-editor.default\">\n\t\t\t\t<div class=\"elementor-widget-container\">\n\t\t\t\t\t\t\t<h4>NALO\u017dBO SOFINANCIRATA EVROPSKA UNIJA V OKVIRU ODZIVA UNIJE NA PANDEMIJO COVID-19 IN REPUBLIKA SLOVENIJA<\/h4><p>NASLOV OPERACIJE: Izgradnja hotela GARNI CAPODISTRIA 4*<\/p><p>GLAVNI CILJ \/ NAMEN OPERACIJE: Izgradnja hotela Garni Capodistria 4* v Kopru ter s tem dvig kakovosti storitve, dodane vrednosti in prilivov iz naslova izvoza potovanj, podalj\u0161evanje dobe bivanja turistov in desezonalizacije slovenskega turizma.<\/p><p>GRADBENI PODATKI<\/p><p>INVESTITOR: Vodi\u0161ek d.o.o., Kolodvorska cesta 3 B, 6000 Koper<\/p><p>ID ZNAK: parcela 1570\/116<\/p><p class=\" translation-block\">NADZORNIK: Architecta d.o.o., Cesta Zore Perello-Godina 2, 6000 Koper,\nNeboj\u0161a Vranje\u0161i\u010d univ. dipl. in\u017e. arh. ZAPS PA-PPN 0963<\/p><p>PROJEKTANT: Architecta d.o.o., Cesta Zore Perello-Godina 2, 6000 Koper<\/p>\t\t\t\t\t\t<\/div>\n\t\t\t\t<\/div>\n\t\t\t\t\t<\/div>\n\t\t\t\t<\/div>\n\t\t\t\t<\/div>","protected":false},"excerpt":{"rendered":"<p>THE OPERATION IS PARTIALLY FINANCED BY THE EUROPEAN UNION AND OTHERWISE FROM THE EUROPEAN FUND FOR REGIONAL DEVELOPMENT. The operation is carried out within the framework of the &#8220;Operational program for the implementation of the European Cohesion Policy in the period 2014-2020&#8221;, priority axis 15 &#8220;Promoting the elimination of the consequences of the crisis in [&hellip;]<\/p>","protected":false},"author":1,"featured_media":0,"parent":0,"menu_order":0,"comment_status":"closed","ping_status":"closed","template":"","meta":{"inline_featured_image":false,"footnotes":""},"class_list":["post-2348","page","type-page","status-publish","hentry"],"_links":{"self":[{"href":"https:\/\/hotel-capris.click.si\/sl\/wp-json\/wp\/v2\/pages\/2348","targetHints":{"allow":["GET"]}}],"collection":[{"href":"https:\/\/hotel-capris.click.si\/sl\/wp-json\/wp\/v2\/pages"}],"about":[{"href":"https:\/\/hotel-capris.click.si\/sl\/wp-json\/wp\/v2\/types\/page"}],"author":[{"embeddable":true,"href":"https:\/\/hotel-capris.click.si\/sl\/wp-json\/wp\/v2\/users\/1"}],"replies":[{"embeddable":true,"href":"https:\/\/hotel-capris.click.si\/sl\/wp-json\/wp\/v2\/comments?post=2348"}],"version-history":[{"count":4,"href":"https:\/\/hotel-capris.click.si\/sl\/wp-json\/wp\/v2\/pages\/2348\/revisions"}],"predecessor-version":[{"id":2352,"href":"https:\/\/hotel-capris.click.si\/sl\/wp-json\/wp\/v2\/pages\/2348\/revisions\/2352"}],"wp:attachment":[{"href":"https:\/\/hotel-capris.click.si\/sl\/wp-json\/wp\/v2\/media?parent=2348"}],"curies":[{"name":"wp","href":"https:\/\/api.w.org\/{rel}","templated":true}]}}